{"id":20,"date":"2026-02-23T18:29:10","date_gmt":"2026-02-23T18:29:10","guid":{"rendered":"https:\/\/www.modernihrast.com\/index.php\/about\/"},"modified":"2026-04-10T15:41:10","modified_gmt":"2026-04-10T15:41:10","slug":"about","status":"publish","type":"page","link":"https:\/\/www.modernihrast.com\/index.php\/about\/","title":{"rendered":"About"},"content":{"rendered":"<div class=\"fusion-fullwidth fullwidth-box fusion-builder-row-1 fusion-flex-container nonhundred-percent-fullwidth non-hundred-percent-height-scrolling\" style=\"--awb-border-sizes-top:0px;--awb-border-sizes-bottom:0px;--awb-border-sizes-left:0px;--awb-border-sizes-right:0px;--awb-border-radius-top-left:0px;--awb-border-radius-top-right:0px;--awb-border-radius-bottom-right:0px;--awb-border-radius-bottom-left:0px;--awb-padding-top:120px;--awb-padding-right:30px;--awb-padding-bottom:120px;--awb-padding-left:30px;--awb-padding-top-medium:60px;--awb-padding-bottom-medium:60px;--awb-padding-top-small:50px;--awb-margin-top:0px;--awb-margin-bottom:0px;--awb-background-color:#cbbb99;--awb-flex-wrap:wrap;\" ><div class=\"fusion-builder-row fusion-row fusion-flex-align-items-center fusion-flex-content-wrap\" style=\"max-width:1248px;margin-left: calc(-4% \/ 2 );margin-right: calc(-4% \/ 2 );\"><div class=\"fusion-layout-column fusion_builder_column fusion-builder-column-0 fusion_builder_column_1_2 1_2 fusion-flex-column\" style=\"--awb-bg-size:cover;--awb-width-large:50%;--awb-margin-top-large:0px;--awb-spacing-right-large:3.84%;--awb-margin-bottom-large:20px;--awb-spacing-left-large:6.528%;--awb-width-medium:50%;--awb-spacing-right-medium:3.84%;--awb-spacing-left-medium:6.528%;--awb-width-small:100%;--awb-spacing-right-small:1.92%;--awb-margin-bottom-small:0px;--awb-spacing-left-small:1.92%;\"><div class=\"fusion-column-wrapper fusion-column-has-shadow fusion-flex-justify-content-flex-start fusion-content-layout-column\"><div class=\"fusion-title title fusion-title-1 fusion-sep-none fusion-title-center fusion-title-text fusion-title-size-two\" style=\"--awb-margin-bottom:40px;--awb-font-size:54px;\"><h2 class=\"fusion-title-heading title-heading-center fusion-responsive-typography-calculated\" style=\"margin:0;font-size:1em;--fontSize:54;line-height:var(--awb-typography1-line-height);\"><div><span style=\"background-color: rgba(0, 0, 0, 0); font-size: 1em;\"><br \/><\/span><\/div>\n<p><span style=\"background-color: rgba(0, 0, 0, 0); font-size: 1em;\">O nama<\/span><\/p><\/h2><\/div><div class=\"fusion-separator fusion-no-large-visibility fusion-full-width-sep\" style=\"align-self: center;margin-left: auto;margin-right: auto;margin-bottom:3%;width:100%;\"><\/div><div class=\"fusion-text fusion-text-1\"><p data-fusion-font=\"true\" style=\"font-size: 18px;\">Moderni Hrast je brend specijalizovan za izradu luksuznog name\u0161taja od punog drveta. Stvaramo unikatne komade vrhunskog kvaliteta, izra\u0111ene po meri i u skladu sa \u017eeljama klijenata.<\/p>\n<p data-fusion-font=\"true\" style=\"font-size: 18px;\">Na\u0161 luksuz ogleda se u pa\u017eljivo odabranim materijalima, preciznoj ru\u010dnoj izradi i bezvremenskom dizajnu koji prostoru daje eleganciju i karakter. Ne proizvodimo serijski \u2013 svaki sto, komoda ili polica nastaju kao spoj tradicije, savremenog stila i dugotrajne vrednosti.<\/p>\n<p data-fusion-font=\"true\" style=\"font-size: 18px;\">Za one koji ne pristaju na kompromis, kreiramo name\u0161taj koji traje decenijama i ostavlja sna\u017ean utisak.<\/p>\n<\/div><div class=\"fusion-separator fusion-full-width-sep\" style=\"align-self: center;margin-left: auto;margin-right: auto;margin-bottom:3%;width:100%;\"><\/div><\/div><\/div><div class=\"fusion-layout-column fusion_builder_column fusion-builder-column-1 fusion_builder_column_1_2 1_2 fusion-flex-column\" style=\"--awb-bg-size:cover;--awb-width-large:50%;--awb-margin-top-large:0px;--awb-spacing-right-large:3.84%;--awb-margin-bottom-large:20px;--awb-spacing-left-large:6.528%;--awb-width-medium:50%;--awb-spacing-right-medium:3.84%;--awb-spacing-left-medium:6.528%;--awb-width-small:100%;--awb-spacing-right-small:1.92%;--awb-margin-bottom-small:0px;--awb-spacing-left-small:1.92%;\"><div class=\"fusion-column-wrapper fusion-column-has-shadow fusion-flex-justify-content-flex-start fusion-content-layout-column\"><div class=\"fusion-title title fusion-title-2 fusion-sep-none fusion-title-center fusion-title-text fusion-title-size-two\" style=\"--awb-margin-bottom:40px;--awb-font-size:54px;\"><h2 class=\"fusion-title-heading title-heading-center fusion-responsive-typography-calculated\" style=\"margin:0;font-size:1em;--fontSize:54;line-height:var(--awb-typography1-line-height);\"><div><span style=\"background-color: rgba(0, 0, 0, 0); font-size: 1em;\">O na\u0161im proizvodima<\/span><\/div><\/h2><\/div><div class=\"fusion-separator fusion-no-large-visibility fusion-full-width-sep\" style=\"align-self: center;margin-left: auto;margin-right: auto;margin-bottom:3%;width:100%;\"><\/div><div class=\"fusion-text fusion-text-2\"><p data-fusion-font=\"true\" style=\"font-size: 18px;\">Na na\u0161oj ponudi trenutno se nalaze luksuzni trpezarijski i klub stolovi izra\u0111eni od punog drveta, osmi\u0161ljeni da budu centralni detalj svakog prostora. Svaki komad izra\u0111ujemo po meri, uz pa\u017eljiv odabir materijala i vrhunsku zavr\u0161nu obradu koja nagla\u0161ava prirodnu lepotu drveta.<\/p>\n<p data-fusion-font=\"true\" style=\"font-size: 18px;\">Uskoro pro\u0161irujemo asortiman novim luksuznim komadima name\u0161taja, zadr\u017eavaju\u0107i isti standard kvaliteta, autenti\u010dnosti i ekskluzivne izrade po kojoj smo prepoznatljivi.<\/p>\n<\/div><div class=\"fusion-separator fusion-full-width-sep\" style=\"align-self: center;margin-left: auto;margin-right: auto;margin-bottom:3%;width:100%;\"><\/div><\/div><\/div><\/div><\/div>\n","protected":false},"excerpt":{"rendered":"","protected":false},"author":1,"featured_media":0,"parent":0,"menu_order":0,"comment_status":"closed","ping_status":"closed","template":"100-width.php","meta":{"footnotes":""},"class_list":["post-20","page","type-page","status-publish","hentry"],"_links":{"self":[{"href":"https:\/\/www.modernihrast.com\/index.php\/wp-json\/wp\/v2\/pages\/20","targetHints":{"allow":["GET"]}}],"collection":[{"href":"https:\/\/www.modernihrast.com\/index.php\/wp-json\/wp\/v2\/pages"}],"about":[{"href":"https:\/\/www.modernihrast.com\/index.php\/wp-json\/wp\/v2\/types\/page"}],"author":[{"embeddable":true,"href":"https:\/\/www.modernihrast.com\/index.php\/wp-json\/wp\/v2\/users\/1"}],"replies":[{"embeddable":true,"href":"https:\/\/www.modernihrast.com\/index.php\/wp-json\/wp\/v2\/comments?post=20"}],"version-history":[{"count":10,"href":"https:\/\/www.modernihrast.com\/index.php\/wp-json\/wp\/v2\/pages\/20\/revisions"}],"predecessor-version":[{"id":338,"href":"https:\/\/www.modernihrast.com\/index.php\/wp-json\/wp\/v2\/pages\/20\/revisions\/338"}],"wp:attachment":[{"href":"https:\/\/www.modernihrast.com\/index.php\/wp-json\/wp\/v2\/media?parent=20"}],"curies":[{"name":"wp","href":"https:\/\/api.w.org\/{rel}","templated":true}]}}